{"id":160,"date":"2026-01-11T13:49:05","date_gmt":"2026-01-11T13:49:05","guid":{"rendered":"https:\/\/ninasophia.de\/?page_id=160"},"modified":"2026-01-11T13:57:17","modified_gmt":"2026-01-11T13:57:17","slug":"impressum","status":"publish","type":"page","link":"https:\/\/ninasophia.de\/index.php\/impressum\/","title":{"rendered":"Impressum"},"content":{"rendered":"<h3>Angaben gem\u00e4\u00df \u00a7 5 TMG<\/h3>\n<p>Nina Sommerfeld<br \/>\nMusikerin \/ K\u00fcnstlerin<br \/>\nGr\u00fcner Platz 5<br \/>\n52477 Alsdorf<\/p>\n<h3>Kontakt<\/h3>\n<p>E-Mail: ninasophia.booking@web.de<br \/>\nTelefon: Platzhalter<\/p>\n<h3>Umsatzsteuer-ID<\/h3>\n<p>Umsatzsteuer-Identifikationsnummer gem\u00e4\u00df \u00a7 27 a Umsatzsteuergesetz:<br \/>\nEntf\u00e4llt, da Kleinunternehmer nach \u00a7 19 UStG.<\/p>\n<h3>Redaktionell verantwortlich<\/h3>\n<p>Nina Sommerfeld<br \/>\nGr\u00fcner Platz 5<br \/>\n52477 Alsdorf<\/p>\n<h3>EU-Streitschlichtung<\/h3>\n<p>Die Europ\u00e4ische Kommission stellt eine Plattform zur Online-Streitbeilegung (OS) bereit: <a href=\"https:\/\/ec.europa.eu\/consumers\/odr\/\" target=\"_blank\" rel=\"noopener noreferrer\">https:\/\/ec.europa.eu\/consumers\/odr\/<\/a>.<br \/>\nUnsere E-Mail-Adresse finden Sie oben im Impressum.<\/p>\n<h3>Verbraucherstreitbeilegung \/ Universalschlichtungsstelle<\/h3>\n<p>Wir sind nicht bereit oder verpflichtet, an Streitbeilegungsverfahren vor einer Verbraucherschlichtungsstelle teilzunehmen.<\/p>\n<hr style=\"margin: 2em 0;\" \/>\n<h3>Haftung f\u00fcr Inhalte<\/h3>\n<p>Als Diensteanbieter sind wir gem\u00e4\u00df \u00a7 7 Abs.1 TMG f\u00fcr eigene Inhalte auf diesen Seiten nach den allgemeinen Gesetzen verantwortlich. Nach \u00a7\u00a7 8 bis 10 TMG sind wir als Diensteanbieter jedoch nicht verpflichtet, \u00fcbermittelte oder gespeicherte fremde Informationen zu \u00fcberwachen oder nach Umst\u00e4nden zu forschen, die auf eine rechtswidrige T\u00e4tigkeit hinweisen.<br \/>\nVerpflichtungen zur Entfernung oder Sperrung der Nutzung von Informationen nach den allgemeinen Gesetzen bleiben hiervon unber\u00fchrt. Eine diesbez\u00fcgliche Haftung ist jedoch erst ab dem Zeitpunkt der Kenntnis einer konkreten Rechtsverletzung m\u00f6glich. Bei Bekanntwerden von entsprechenden Rechtsverletzungen werden wir diese Inhalte umgehend entfernen.<\/p>\n<h3>Haftung f\u00fcr Links<\/h3>\n<p>Unser Angebot enth\u00e4lt Links zu externen Websites Dritter, auf deren Inhalte wir keinen Einfluss haben. Deshalb k\u00f6nnen wir f\u00fcr diese fremden Inhalte auch keine Gew\u00e4hr \u00fcbernehmen. F\u00fcr die Inhalte der verlinkten Seiten ist stets der jeweilige Anbieter oder Betreiber der Seiten verantwortlich. Die verlinkten Seiten wurden zum Zeitpunkt der Verlinkung auf m\u00f6gliche Rechtsverst\u00f6\u00dfe \u00fcberpr\u00fcft. Rechtswidrige Inhalte waren zum Zeitpunkt der Verlinkung nicht erkennbar.<br \/>\nEine permanente inhaltliche Kontrolle der verlinkten Seiten ist jedoch ohne konkrete Anhaltspunkte einer Rechtsverletzung nicht zumutbar. Bei Bekanntwerden von Rechtsverletzungen werden wir derartige Links umgehend entfernen.<\/p>\n<h3>Urheberrecht<\/h3>\n<p>Die durch die Seitenbetreiber erstellten Inhalte und Werke auf diesen Seiten (insbesondere Bilder, Musik und Texte) unterliegen dem deutschen Urheberrecht. Die Vervielf\u00e4ltigung, Bearbeitung, Verbreitung und jede Art der Verwertung au\u00dferhalb der Grenzen des Urheberrechtes bed\u00fcrfen der schriftlichen Zustimmung des jeweiligen Autors bzw. Erstellers. Downloads und Kopien dieser Seite sind nur f\u00fcr den privaten, nicht kommerziellen Gebrauch gestattet.<br \/>\nSoweit die Inhalte auf dieser Seite nicht vom Betreiber erstellt wurden, werden die Urheberrechte Dritter beachtet. Insbesondere werden Inhalte Dritter als solche gekennzeichnet. Sollten Sie trotzdem auf eine Urheberrechtsverletzung aufmerksam werden, bitten wir um einen entsprechenden Hinweis. Bei Bekanntwerden von Rechtsverletzungen werden wir derartige Inhalte umgehend entfernen.<\/p>\n","protected":false},"excerpt":{"rendered":"<p>Angaben gem\u00e4\u00df \u00a7 5 TMG Nina Sommerfeld Musikerin \/ K\u00fcnstlerin Gr\u00fcner Platz 5 52477 Alsdorf Kontakt E-Mail: ninasophia.booking@web.de Telefon: Platzhalter Umsatzsteuer-ID Umsatzsteuer-Identifikationsnummer gem\u00e4\u00df \u00a7 27 a Umsatzsteuergesetz: Entf\u00e4llt, da Kleinunternehmer nach \u00a7 19 UStG. Redaktionell verantwortlich Nina Sommerfeld Gr\u00fcner Platz 5 52477 Alsdorf EU-Streitschlichtung Die Europ\u00e4ische Kommission stellt eine Plattform zur Online-Streitbeilegung (OS) bereit: https:\/\/ec.europa.eu\/consumers\/odr\/. [&hellip;]<\/p>\n","protected":false},"author":1,"featured_media":0,"parent":0,"menu_order":10,"comment_status":"closed","ping_status":"closed","template":"template-legal.php","meta":{"_acf_changed":false,"footnotes":""},"class_list":["post-160","page","type-page","status-publish","hentry"],"acf":[],"yoast_head":"<!-- This site is optimized with the Yoast SEO plugin v27.0 - https:\/\/yoast.com\/product\/yoast-seo-wordpress\/ -->\n<title>Impressum - Nina Sophia<\/title>\n<meta name=\"description\" content=\"Nina Sophia - Schlagerstern aus Aachen - Live Musik aus Aachen - Nachwuchss\u00e4ngerin - Schlager - Pop und mehr - Schlager - Aachen - Solok\u00fcnstler\" \/>\n<meta name=\"robots\" content=\"index, follow, max-snippet:-1, max-image-preview:large, max-video-preview:-1\" \/>\n<link rel=\"canonical\" href=\"https:\/\/ninasophia.de\/index.php\/impressum\/\" \/>\n<meta property=\"og:locale\" content=\"de_DE\" \/>\n<meta property=\"og:type\" content=\"article\" \/>\n<meta property=\"og:title\" content=\"Impressum - Nina Sophia\" \/>\n<meta property=\"og:description\" content=\"Nina Sophia - Schlagerstern aus Aachen - Live Musik aus Aachen - Nachwuchss\u00e4ngerin - Schlager - Pop und mehr - Schlager - Aachen - Solok\u00fcnstler\" \/>\n<meta property=\"og:url\" content=\"https:\/\/ninasophia.de\/index.php\/impressum\/\" \/>\n<meta property=\"og:site_name\" content=\"Nina Sophia\" \/>\n<meta property=\"article:publisher\" content=\"https:\/\/www.facebook.com\/profile.php?id=100068995632842\" \/>\n<meta property=\"article:modified_time\" content=\"2026-01-11T13:57:17+00:00\" \/>\n<meta name=\"twitter:card\" content=\"summary_large_image\" \/>\n<meta name=\"twitter:label1\" content=\"Gesch\u00e4tzte Lesezeit\" \/>\n\t<meta name=\"twitter:data1\" content=\"2\u00a0Minuten\" \/>\n<script type=\"application\/ld+json\" class=\"yoast-schema-graph\">{\"@context\":\"https:\/\/schema.org\",\"@graph\":[{\"@type\":\"WebPage\",\"@id\":\"https:\/\/ninasophia.de\/index.php\/impressum\/\",\"url\":\"https:\/\/ninasophia.de\/index.php\/impressum\/\",\"name\":\"Impressum - Nina Sophia\",\"isPartOf\":{\"@id\":\"https:\/\/ninasophia.de\/#website\"},\"datePublished\":\"2026-01-11T13:49:05+00:00\",\"dateModified\":\"2026-01-11T13:57:17+00:00\",\"description\":\"Nina Sophia - Schlagerstern aus Aachen - Live Musik aus Aachen - Nachwuchss\u00e4ngerin - Schlager - Pop und mehr - Schlager - Aachen - Solok\u00fcnstler\",\"breadcrumb\":{\"@id\":\"https:\/\/ninasophia.de\/index.php\/impressum\/#breadcrumb\"},\"inLanguage\":\"de\",\"potentialAction\":[{\"@type\":\"ReadAction\",\"target\":[\"https:\/\/ninasophia.de\/index.php\/impressum\/\"]}]},{\"@type\":\"BreadcrumbList\",\"@id\":\"https:\/\/ninasophia.de\/index.php\/impressum\/#breadcrumb\",\"itemListElement\":[{\"@type\":\"ListItem\",\"position\":1,\"name\":\"Start\",\"item\":\"https:\/\/ninasophia.de\/\"},{\"@type\":\"ListItem\",\"position\":2,\"name\":\"Impressum\"}]},{\"@type\":\"WebSite\",\"@id\":\"https:\/\/ninasophia.de\/#website\",\"url\":\"https:\/\/ninasophia.de\/\",\"name\":\"Nina Sophia\",\"description\":\"\",\"publisher\":{\"@id\":\"https:\/\/ninasophia.de\/#organization\"},\"alternateName\":\"Schlagerstern aus Aachen - Live-Musik\",\"potentialAction\":[{\"@type\":\"SearchAction\",\"target\":{\"@type\":\"EntryPoint\",\"urlTemplate\":\"https:\/\/ninasophia.de\/?s={search_term_string}\"},\"query-input\":{\"@type\":\"PropertyValueSpecification\",\"valueRequired\":true,\"valueName\":\"search_term_string\"}}],\"inLanguage\":\"de\"},{\"@type\":\"Organization\",\"@id\":\"https:\/\/ninasophia.de\/#organization\",\"name\":\"Nina Sophia\",\"url\":\"https:\/\/ninasophia.de\/\",\"logo\":{\"@type\":\"ImageObject\",\"inLanguage\":\"de\",\"@id\":\"https:\/\/ninasophia.de\/#\/schema\/logo\/image\/\",\"url\":\"https:\/\/ninasophia.de\/wp-content\/uploads\/2026\/01\/logo-scaled.png\",\"contentUrl\":\"https:\/\/ninasophia.de\/wp-content\/uploads\/2026\/01\/logo-scaled.png\",\"width\":2560,\"height\":1909,\"caption\":\"Nina Sophia\"},\"image\":{\"@id\":\"https:\/\/ninasophia.de\/#\/schema\/logo\/image\/\"},\"sameAs\":[\"https:\/\/www.facebook.com\/profile.php?id=100068995632842\",\"https:\/\/www.instagram.com\/ninasophia.official\"]}]}<\/script>\n<!-- \/ Yoast SEO plugin. -->","yoast_head_json":{"title":"Impressum - Nina Sophia","description":"Nina Sophia - Schlagerstern aus Aachen - Live Musik aus Aachen - Nachwuchss\u00e4ngerin - Schlager - Pop und mehr - Schlager - Aachen - Solok\u00fcnstler","robots":{"index":"index","follow":"follow","max-snippet":"max-snippet:-1","max-image-preview":"max-image-preview:large","max-video-preview":"max-video-preview:-1"},"canonical":"https:\/\/ninasophia.de\/index.php\/impressum\/","og_locale":"de_DE","og_type":"article","og_title":"Impressum - Nina Sophia","og_description":"Nina Sophia - Schlagerstern aus Aachen - Live Musik aus Aachen - Nachwuchss\u00e4ngerin - Schlager - Pop und mehr - Schlager - Aachen - Solok\u00fcnstler","og_url":"https:\/\/ninasophia.de\/index.php\/impressum\/","og_site_name":"Nina Sophia","article_publisher":"https:\/\/www.facebook.com\/profile.php?id=100068995632842","article_modified_time":"2026-01-11T13:57:17+00:00","twitter_card":"summary_large_image","twitter_misc":{"Gesch\u00e4tzte Lesezeit":"2\u00a0Minuten"},"schema":{"@context":"https:\/\/schema.org","@graph":[{"@type":"WebPage","@id":"https:\/\/ninasophia.de\/index.php\/impressum\/","url":"https:\/\/ninasophia.de\/index.php\/impressum\/","name":"Impressum - Nina Sophia","isPartOf":{"@id":"https:\/\/ninasophia.de\/#website"},"datePublished":"2026-01-11T13:49:05+00:00","dateModified":"2026-01-11T13:57:17+00:00","description":"Nina Sophia - Schlagerstern aus Aachen - Live Musik aus Aachen - Nachwuchss\u00e4ngerin - Schlager - Pop und mehr - Schlager - Aachen - Solok\u00fcnstler","breadcrumb":{"@id":"https:\/\/ninasophia.de\/index.php\/impressum\/#breadcrumb"},"inLanguage":"de","potentialAction":[{"@type":"ReadAction","target":["https:\/\/ninasophia.de\/index.php\/impressum\/"]}]},{"@type":"BreadcrumbList","@id":"https:\/\/ninasophia.de\/index.php\/impressum\/#breadcrumb","itemListElement":[{"@type":"ListItem","position":1,"name":"Start","item":"https:\/\/ninasophia.de\/"},{"@type":"ListItem","position":2,"name":"Impressum"}]},{"@type":"WebSite","@id":"https:\/\/ninasophia.de\/#website","url":"https:\/\/ninasophia.de\/","name":"Nina Sophia","description":"","publisher":{"@id":"https:\/\/ninasophia.de\/#organization"},"alternateName":"Schlagerstern aus Aachen - Live-Musik","potentialAction":[{"@type":"SearchAction","target":{"@type":"EntryPoint","urlTemplate":"https:\/\/ninasophia.de\/?s={search_term_string}"},"query-input":{"@type":"PropertyValueSpecification","valueRequired":true,"valueName":"search_term_string"}}],"inLanguage":"de"},{"@type":"Organization","@id":"https:\/\/ninasophia.de\/#organization","name":"Nina Sophia","url":"https:\/\/ninasophia.de\/","logo":{"@type":"ImageObject","inLanguage":"de","@id":"https:\/\/ninasophia.de\/#\/schema\/logo\/image\/","url":"https:\/\/ninasophia.de\/wp-content\/uploads\/2026\/01\/logo-scaled.png","contentUrl":"https:\/\/ninasophia.de\/wp-content\/uploads\/2026\/01\/logo-scaled.png","width":2560,"height":1909,"caption":"Nina Sophia"},"image":{"@id":"https:\/\/ninasophia.de\/#\/schema\/logo\/image\/"},"sameAs":["https:\/\/www.facebook.com\/profile.php?id=100068995632842","https:\/\/www.instagram.com\/ninasophia.official"]}]}},"_links":{"self":[{"href":"https:\/\/ninasophia.de\/index.php\/wp-json\/wp\/v2\/pages\/160","targetHints":{"allow":["GET"]}}],"collection":[{"href":"https:\/\/ninasophia.de\/index.php\/wp-json\/wp\/v2\/pages"}],"about":[{"href":"https:\/\/ninasophia.de\/index.php\/wp-json\/wp\/v2\/types\/page"}],"author":[{"embeddable":true,"href":"https:\/\/ninasophia.de\/index.php\/wp-json\/wp\/v2\/users\/1"}],"replies":[{"embeddable":true,"href":"https:\/\/ninasophia.de\/index.php\/wp-json\/wp\/v2\/comments?post=160"}],"version-history":[{"count":3,"href":"https:\/\/ninasophia.de\/index.php\/wp-json\/wp\/v2\/pages\/160\/revisions"}],"predecessor-version":[{"id":163,"href":"https:\/\/ninasophia.de\/index.php\/wp-json\/wp\/v2\/pages\/160\/revisions\/163"}],"wp:attachment":[{"href":"https:\/\/ninasophia.de\/index.php\/wp-json\/wp\/v2\/media?parent=160"}],"curies":[{"name":"wp","href":"https:\/\/api.w.org\/{rel}","templated":true}]}}