{"id":32,"date":"2026-01-11T10:14:14","date_gmt":"2026-01-11T10:14:14","guid":{"rendered":"https:\/\/ninasophia.de\/?page_id=32"},"modified":"2026-01-11T14:20:50","modified_gmt":"2026-01-11T14:20:50","slug":"ueber-mich","status":"publish","type":"page","link":"https:\/\/ninasophia.de\/index.php\/ueber-mich\/","title":{"rendered":"\u00dcber mich"},"content":{"rendered":"\n<p>Nina Sophia ist eine S\u00e4ngerin aus der N\u00e4he von Aachen, die mit ihrer Stimme, Ausstrahlung und B\u00fchnenpr\u00e4senz f\u00fcr gute Stimmung und echte Live-Momente sorgt. Ihr musikalischer Schwerpunkt liegt auf Schlager, erg\u00e4nzt durch Pop und gef\u00fchlvolle Balladen \u2013 eine Mischung, mit der sie sowohl Partystimmung als auch besondere Augenblicke schaffen kann.<br>Ihre Reise begann mit 16 Jahren, als sie Gesangsunterricht nahm und erste Erfahrungen in einer Partyband sammelte. Dort wurde sie von einem Bekannten gef\u00f6rdert und begleitet, der ihr den Einstieg auf die B\u00fchne erm\u00f6glichte. Schnell wurde klar: Musik ist f\u00fcr Nina mehr als nur ein Hobby \u2013 sie ist ihre Leidenschaft.<br>Seit 2017 steht Nina Sophia auch als Solok\u00fcnstlerin auf der B\u00fchne. Unter anderem durfte sie bereits bei Heintje auftreten. Seither ist sie regelm\u00e4\u00dfig auf Stadtfesten, Sch\u00fctzenfesten, Karnevalsveranstaltungen, Weihnachtsm\u00e4rkten, Hochzeiten und privaten Feiern zu erleben. \u00dcberall dort, wo Menschen zusammenkommen, um zu feiern, ist sie musikalisch zuhause.<br>Gerade durch ihre Auftritte auf Weihnachtsm\u00e4rkten entdeckte Nina eine weitere Facette ihrer Stimme: gef\u00fchlvolle Balladen. Die ruhigen, emotionalen Momente zwischen all der festlichen Stimmung kamen beim Publikum besonders gut an und wurden mit viel positivem Feedback belohnt. Diese Erfahrungen haben sie darin best\u00e4rkt, ihr Repertoire gezielt zu erweitern \u2013 vor allem auch in Richtung Hochzeiten und besondere pers\u00f6nliche Anl\u00e4sse.<\/p>\n\n\n\n<p>Auch ohne eigene Songs begeistert Nina mit bekannten Schlager-Titeln und modernen Klassikern. Ihre besondere St\u00e4rke liegt darin, Menschen mitzunehmen, sie zum Mitsingen zu bringen und eine Atmosph\u00e4re zu schaffen, in der man den Alltag einfach kurz vergessen darf.<\/p>\n\n\n\n<p>\u201eF\u00fcr mich geht es darum, Menschen mit Musik aus dem Alltag zu holen \u2013 ihnen ein L\u00e4cheln zu schenken, sie mitsingen zu lassen und f\u00fcr einen Moment einfach gute Zeit zu haben.\u201c<\/p>\n\n\n\n<p>Mit ihrer offenen Art, ihrer Liebe zur B\u00fchne und ihrem Gesp\u00fcr f\u00fcr Stimmung macht Nina Sophia jeden Auftritt zu einem besonderen Erlebnis.<\/p>\n","protected":false},"excerpt":{"rendered":"<p>Nina Sophia ist eine S\u00e4ngerin aus der N\u00e4he von Aachen, die mit ihrer Stimme, Ausstrahlung und B\u00fchnenpr\u00e4senz f\u00fcr gute Stimmung und echte Live-Momente sorgt. Ihr musikalischer Schwerpunkt liegt auf Schlager, erg\u00e4nzt durch Pop und gef\u00fchlvolle Balladen \u2013 eine Mischung, mit der sie sowohl Partystimmung als auch besondere Augenblicke schaffen kann.Ihre Reise begann mit 16 Jahren, [&hellip;]<\/p>\n","protected":false},"author":1,"featured_media":0,"parent":0,"menu_order":0,"comment_status":"closed","ping_status":"closed","template":"template-about.php","meta":{"_acf_changed":false,"footnotes":""},"class_list":["post-32","page","type-page","status-publish","hentry"],"acf":[],"yoast_head":"<!-- This site is optimized with the Yoast SEO plugin v27.0 - https:\/\/yoast.com\/product\/yoast-seo-wordpress\/ -->\n<title>\u00dcber mich - Nina Sophia<\/title>\n<meta name=\"description\" content=\"Nina Sophia - Schlagerstern aus Aachen - Live Musik aus Aachen - Nachwuchss\u00e4ngerin - Schlager - Pop und mehr - Schlager - Aachen - Solok\u00fcnstler\" \/>\n<meta name=\"robots\" content=\"index, follow, max-snippet:-1, max-image-preview:large, max-video-preview:-1\" \/>\n<link rel=\"canonical\" href=\"https:\/\/ninasophia.de\/index.php\/ueber-mich\/\" \/>\n<meta property=\"og:locale\" content=\"de_DE\" \/>\n<meta property=\"og:type\" content=\"article\" \/>\n<meta property=\"og:title\" content=\"\u00dcber mich - Nina Sophia\" \/>\n<meta property=\"og:description\" content=\"Nina Sophia - Schlagerstern aus Aachen - Live Musik aus Aachen - Nachwuchss\u00e4ngerin - Schlager - Pop und mehr - Schlager - Aachen - Solok\u00fcnstler\" \/>\n<meta property=\"og:url\" content=\"https:\/\/ninasophia.de\/index.php\/ueber-mich\/\" \/>\n<meta property=\"og:site_name\" content=\"Nina Sophia\" \/>\n<meta property=\"article:publisher\" content=\"https:\/\/www.facebook.com\/profile.php?id=100068995632842\" \/>\n<meta property=\"article:modified_time\" content=\"2026-01-11T14:20:50+00:00\" \/>\n<meta name=\"twitter:card\" content=\"summary_large_image\" \/>\n<meta name=\"twitter:label1\" content=\"Gesch\u00e4tzte Lesezeit\" \/>\n\t<meta name=\"twitter:data1\" content=\"2\u00a0Minuten\" \/>\n<script type=\"application\/ld+json\" class=\"yoast-schema-graph\">{\"@context\":\"https:\/\/schema.org\",\"@graph\":[{\"@type\":\"WebPage\",\"@id\":\"https:\/\/ninasophia.de\/index.php\/ueber-mich\/\",\"url\":\"https:\/\/ninasophia.de\/index.php\/ueber-mich\/\",\"name\":\"\u00dcber mich - Nina Sophia\",\"isPartOf\":{\"@id\":\"https:\/\/ninasophia.de\/#website\"},\"datePublished\":\"2026-01-11T10:14:14+00:00\",\"dateModified\":\"2026-01-11T14:20:50+00:00\",\"description\":\"Nina Sophia - Schlagerstern aus Aachen - Live Musik aus Aachen - Nachwuchss\u00e4ngerin - Schlager - Pop und mehr - Schlager - Aachen - Solok\u00fcnstler\",\"breadcrumb\":{\"@id\":\"https:\/\/ninasophia.de\/index.php\/ueber-mich\/#breadcrumb\"},\"inLanguage\":\"de\",\"potentialAction\":[{\"@type\":\"ReadAction\",\"target\":[\"https:\/\/ninasophia.de\/index.php\/ueber-mich\/\"]}]},{\"@type\":\"BreadcrumbList\",\"@id\":\"https:\/\/ninasophia.de\/index.php\/ueber-mich\/#breadcrumb\",\"itemListElement\":[{\"@type\":\"ListItem\",\"position\":1,\"name\":\"Start\",\"item\":\"https:\/\/ninasophia.de\/\"},{\"@type\":\"ListItem\",\"position\":2,\"name\":\"\u00dcber mich\"}]},{\"@type\":\"WebSite\",\"@id\":\"https:\/\/ninasophia.de\/#website\",\"url\":\"https:\/\/ninasophia.de\/\",\"name\":\"Nina Sophia\",\"description\":\"\",\"publisher\":{\"@id\":\"https:\/\/ninasophia.de\/#organization\"},\"alternateName\":\"Schlagerstern aus Aachen - Live-Musik\",\"potentialAction\":[{\"@type\":\"SearchAction\",\"target\":{\"@type\":\"EntryPoint\",\"urlTemplate\":\"https:\/\/ninasophia.de\/?s={search_term_string}\"},\"query-input\":{\"@type\":\"PropertyValueSpecification\",\"valueRequired\":true,\"valueName\":\"search_term_string\"}}],\"inLanguage\":\"de\"},{\"@type\":\"Organization\",\"@id\":\"https:\/\/ninasophia.de\/#organization\",\"name\":\"Nina Sophia\",\"url\":\"https:\/\/ninasophia.de\/\",\"logo\":{\"@type\":\"ImageObject\",\"inLanguage\":\"de\",\"@id\":\"https:\/\/ninasophia.de\/#\/schema\/logo\/image\/\",\"url\":\"https:\/\/ninasophia.de\/wp-content\/uploads\/2026\/01\/logo-scaled.png\",\"contentUrl\":\"https:\/\/ninasophia.de\/wp-content\/uploads\/2026\/01\/logo-scaled.png\",\"width\":2560,\"height\":1909,\"caption\":\"Nina Sophia\"},\"image\":{\"@id\":\"https:\/\/ninasophia.de\/#\/schema\/logo\/image\/\"},\"sameAs\":[\"https:\/\/www.facebook.com\/profile.php?id=100068995632842\",\"https:\/\/www.instagram.com\/ninasophia.official\"]}]}<\/script>\n<!-- \/ Yoast SEO plugin. -->","yoast_head_json":{"title":"\u00dcber mich - Nina Sophia","description":"Nina Sophia - Schlagerstern aus Aachen - Live Musik aus Aachen - Nachwuchss\u00e4ngerin - Schlager - Pop und mehr - Schlager - Aachen - Solok\u00fcnstler","robots":{"index":"index","follow":"follow","max-snippet":"max-snippet:-1","max-image-preview":"max-image-preview:large","max-video-preview":"max-video-preview:-1"},"canonical":"https:\/\/ninasophia.de\/index.php\/ueber-mich\/","og_locale":"de_DE","og_type":"article","og_title":"\u00dcber mich - Nina Sophia","og_description":"Nina Sophia - Schlagerstern aus Aachen - Live Musik aus Aachen - Nachwuchss\u00e4ngerin - Schlager - Pop und mehr - Schlager - Aachen - Solok\u00fcnstler","og_url":"https:\/\/ninasophia.de\/index.php\/ueber-mich\/","og_site_name":"Nina Sophia","article_publisher":"https:\/\/www.facebook.com\/profile.php?id=100068995632842","article_modified_time":"2026-01-11T14:20:50+00:00","twitter_card":"summary_large_image","twitter_misc":{"Gesch\u00e4tzte Lesezeit":"2\u00a0Minuten"},"schema":{"@context":"https:\/\/schema.org","@graph":[{"@type":"WebPage","@id":"https:\/\/ninasophia.de\/index.php\/ueber-mich\/","url":"https:\/\/ninasophia.de\/index.php\/ueber-mich\/","name":"\u00dcber mich - Nina Sophia","isPartOf":{"@id":"https:\/\/ninasophia.de\/#website"},"datePublished":"2026-01-11T10:14:14+00:00","dateModified":"2026-01-11T14:20:50+00:00","description":"Nina Sophia - Schlagerstern aus Aachen - Live Musik aus Aachen - Nachwuchss\u00e4ngerin - Schlager - Pop und mehr - Schlager - Aachen - Solok\u00fcnstler","breadcrumb":{"@id":"https:\/\/ninasophia.de\/index.php\/ueber-mich\/#breadcrumb"},"inLanguage":"de","potentialAction":[{"@type":"ReadAction","target":["https:\/\/ninasophia.de\/index.php\/ueber-mich\/"]}]},{"@type":"BreadcrumbList","@id":"https:\/\/ninasophia.de\/index.php\/ueber-mich\/#breadcrumb","itemListElement":[{"@type":"ListItem","position":1,"name":"Start","item":"https:\/\/ninasophia.de\/"},{"@type":"ListItem","position":2,"name":"\u00dcber mich"}]},{"@type":"WebSite","@id":"https:\/\/ninasophia.de\/#website","url":"https:\/\/ninasophia.de\/","name":"Nina Sophia","description":"","publisher":{"@id":"https:\/\/ninasophia.de\/#organization"},"alternateName":"Schlagerstern aus Aachen - Live-Musik","potentialAction":[{"@type":"SearchAction","target":{"@type":"EntryPoint","urlTemplate":"https:\/\/ninasophia.de\/?s={search_term_string}"},"query-input":{"@type":"PropertyValueSpecification","valueRequired":true,"valueName":"search_term_string"}}],"inLanguage":"de"},{"@type":"Organization","@id":"https:\/\/ninasophia.de\/#organization","name":"Nina Sophia","url":"https:\/\/ninasophia.de\/","logo":{"@type":"ImageObject","inLanguage":"de","@id":"https:\/\/ninasophia.de\/#\/schema\/logo\/image\/","url":"https:\/\/ninasophia.de\/wp-content\/uploads\/2026\/01\/logo-scaled.png","contentUrl":"https:\/\/ninasophia.de\/wp-content\/uploads\/2026\/01\/logo-scaled.png","width":2560,"height":1909,"caption":"Nina Sophia"},"image":{"@id":"https:\/\/ninasophia.de\/#\/schema\/logo\/image\/"},"sameAs":["https:\/\/www.facebook.com\/profile.php?id=100068995632842","https:\/\/www.instagram.com\/ninasophia.official"]}]}},"_links":{"self":[{"href":"https:\/\/ninasophia.de\/index.php\/wp-json\/wp\/v2\/pages\/32","targetHints":{"allow":["GET"]}}],"collection":[{"href":"https:\/\/ninasophia.de\/index.php\/wp-json\/wp\/v2\/pages"}],"about":[{"href":"https:\/\/ninasophia.de\/index.php\/wp-json\/wp\/v2\/types\/page"}],"author":[{"embeddable":true,"href":"https:\/\/ninasophia.de\/index.php\/wp-json\/wp\/v2\/users\/1"}],"replies":[{"embeddable":true,"href":"https:\/\/ninasophia.de\/index.php\/wp-json\/wp\/v2\/comments?post=32"}],"version-history":[{"count":7,"href":"https:\/\/ninasophia.de\/index.php\/wp-json\/wp\/v2\/pages\/32\/revisions"}],"predecessor-version":[{"id":195,"href":"https:\/\/ninasophia.de\/index.php\/wp-json\/wp\/v2\/pages\/32\/revisions\/195"}],"wp:attachment":[{"href":"https:\/\/ninasophia.de\/index.php\/wp-json\/wp\/v2\/media?parent=32"}],"curies":[{"name":"wp","href":"https:\/\/api.w.org\/{rel}","templated":true}]}}